{"id":4008,"date":"2024-10-10T11:28:00","date_gmt":"2024-10-10T11:28:00","guid":{"rendered":"https:\/\/lei-lypage.ee\/?page_id=4008"},"modified":"2025-02-17T23:02:17","modified_gmt":"2025-02-17T22:02:17","slug":"que-hacemos","status":"publish","type":"page","link":"https:\/\/lei-lypage.ee\/et\/que-hacemos\/","title":{"rendered":"Mida teeme &#8211; Espanol"},"content":{"rendered":"\t\t<div data-elementor-type=\"wp-post\" data-elementor-id=\"4008\" class=\"elementor elementor-4008\" data-elementor-post-type=\"page\">\n\t\t\t\t<div class=\"elementor-element elementor-element-836c7a7 e-flex e-con-boxed e-con e-parent\" data-id=\"836c7a7\" data-element_type=\"container\" data-e-type=\"container\" data-settings=\"{&quot;background_background&quot;:&quot;classic&quot;}\">\n\t\t\t\t\t<div class=\"e-con-inner\">\n\t\t<div class=\"elementor-element elementor-element-081b662 e-con-full e-flex e-con e-child\" data-id=\"081b662\" data-element_type=\"container\" data-e-type=\"container\">\n\t\t\t\t<div class=\"elementor-element elementor-element-ca31bc8 elementor-widget__width-initial elementor-widget elementor-widget-heading\" data-id=\"ca31bc8\" data-element_type=\"widget\" data-e-type=\"widget\" data-widget_type=\"heading.default\">\n\t\t\t\t\t<h1 class=\"elementor-heading-title elementor-size-default\">Mida teeme<\/h1>\t\t\t\t<\/div>\n\t\t\t\t<\/div>\n\t\t\t\t\t<\/div>\n\t\t\t\t<\/div>\n\t\t<div class=\"elementor-element elementor-element-bbff81d e-flex e-con-boxed e-con e-parent\" data-id=\"bbff81d\" data-element_type=\"container\" data-e-type=\"container\" data-settings=\"{&quot;background_background&quot;:&quot;classic&quot;}\">\n\t\t\t\t\t<div class=\"e-con-inner\">\n\t\t<div class=\"elementor-element elementor-element-8e7db82 e-con-full e-flex e-con e-child\" data-id=\"8e7db82\" data-element_type=\"container\" data-e-type=\"container\">\n\t\t<div class=\"elementor-element elementor-element-ece5f6a e-con-full e-flex e-con e-child\" data-id=\"ece5f6a\" data-element_type=\"container\" data-e-type=\"container\" data-settings=\"{&quot;background_background&quot;:&quot;classic&quot;}\">\n\t\t<div class=\"elementor-element elementor-element-d9a2a80 e-con-full elementor-hidden-mobile e-flex e-con e-child\" data-id=\"d9a2a80\" data-element_type=\"container\" data-e-type=\"container\" data-settings=\"{&quot;background_background&quot;:&quot;classic&quot;}\">\n\t\t\t\t<div class=\"elementor-element elementor-element-2d4d0b1 elementor-widget elementor-widget-image\" data-id=\"2d4d0b1\" data-element_type=\"widget\" data-e-type=\"widget\" data-settings=\"{&quot;_animation&quot;:&quot;none&quot;}\" data-widget_type=\"image.default\">\n\t\t\t\t\t\t\t\t\t\t\t\t\t\t\t<img fetchpriority=\"high\" decoding=\"async\" width=\"2560\" height=\"1700\" src=\"https:\/\/lei-lypage.ee\/wp-content\/uploads\/2024\/10\/firmbee-com-SpVHcbuKi6E-unsplash-scaled.jpg\" class=\"attachment-full size-full wp-image-2993\" alt=\"a woman holding a phone in front of a laptop wching her homepage\" srcset=\"https:\/\/lei-lypage.ee\/wp-content\/uploads\/2024\/10\/firmbee-com-SpVHcbuKi6E-unsplash-scaled.jpg 2560w, https:\/\/lei-lypage.ee\/wp-content\/uploads\/2024\/10\/firmbee-com-SpVHcbuKi6E-unsplash-300x199.jpg 300w, https:\/\/lei-lypage.ee\/wp-content\/uploads\/2024\/10\/firmbee-com-SpVHcbuKi6E-unsplash-1024x680.jpg 1024w, https:\/\/lei-lypage.ee\/wp-content\/uploads\/2024\/10\/firmbee-com-SpVHcbuKi6E-unsplash-768x510.jpg 768w, https:\/\/lei-lypage.ee\/wp-content\/uploads\/2024\/10\/firmbee-com-SpVHcbuKi6E-unsplash-1536x1020.jpg 1536w, https:\/\/lei-lypage.ee\/wp-content\/uploads\/2024\/10\/firmbee-com-SpVHcbuKi6E-unsplash-2048x1360.jpg 2048w\" sizes=\"(max-width: 2560px) 100vw, 2560px\" \/>\t\t\t\t\t\t\t\t\t\t\t\t\t\t\t<\/div>\n\t\t\t\t<\/div>\n\t\t<div class=\"elementor-element elementor-element-d1ca948 e-con-full e-flex e-con e-child\" data-id=\"d1ca948\" data-element_type=\"container\" data-e-type=\"container\">\n\t\t\t\t<div class=\"elementor-element elementor-element-1876390 elementor-widget elementor-widget-uael-infobox\" data-id=\"1876390\" data-element_type=\"widget\" data-e-type=\"widget\" data-widget_type=\"uael-infobox.default\">\n\t\t\t\t<div class=\"elementor-widget-container\">\n\t\t\t\t\t\n<div class=\"uael-module-content uael-infobox uael-imgicon-style-normal  uael-infobox-left  infobox-has-photo uael-infobox-photo-above-title  uael-infobox-link-type-button\">\n\t<div class=\"uael-infobox-left-right-wrap\">\n\t\t\t\t\t\t<div class=\"uael-infobox-content\">\n\t\t\t\t\t\t\t<div class=\"uael-module-content uael-imgicon-wrap \">\t\t\t\t\t\t\t\t\t\t\t\n\t\t\t\t\t\t\t\t\t\t\t\t\t\t\t\t<div class=\"uael-image\" itemscope itemtype=\"http:\/\/schema.org\/ImageObject\">\n\t\t\t\t\t\t\t<div class=\"uael-image-content elementor-animation- \">\n\t\t\t\t\t\t\t\t\t\t\t\t\t\t\t<\/div>\n\t\t\t\t\t\t<\/div>\n\n\t\t\t\t\t\t\t\t\t<\/div>\n\t\t\t\t\t\t\t<div class='uael-infobox-title-wrap'><h4 class=\"uael-infobox-title elementor-inline-editing\" data-elementor-setting-key=\"infobox_title\" data-elementor-inline-editing-toolbar=\"basic\">WordPresss kodulehe tegemine<\/h4><\/div>\t\t\t\t\t\t\t\t\t<div class=\"uael-infobox-text-wrap\">\n\t\t\t\t<div class=\"uael-infobox-text elementor-inline-editing\" data-elementor-setting-key=\"infobox_description\" data-elementor-inline-editing-toolbar=\"advanced\">\n\t\t\t\t\t<p>Meie loodud kodulehed on professionaalse ja modernse v\u00e4limusega, mobiilis\u00f5bralikud ja kergesti hallatavad. Kasutame WordPressi, mis on oma kasutajas\u00f5bralikkuse, paindlikkuse ja lihtsa halduse t\u00f5ttu \u00fclemaailmselt eelistatud platvorm.  Teeme kodulehe vastavalt teie disaini ja funktsionaalsuse soovidele, tagades, et see n\u00e4eb hea v\u00e4lja ja t\u00f6\u00f6tab sujuvalt k\u00f5igis seadmetes.<\/p>\n<p>\t\u2022\tTurvalisus ja usaldusv\u00e4\u00e4rsus: Tagame lehe turvalisuse HTTPS-i (SSL-sertifikaat) ja Wordfence Security (tulem\u00fc\u00fcr ja viiruset\u00f5rje) abil, mis t\u00f5stab ka Google\u2019i silmis kodulehe usaldusv\u00e4\u00e4rsust.<\/p><p>\t\u2022\tAitame domeeni registreerimise ja  seadistame kodulehe meie partnerite juures  serveris. Vajadusel loome ka domeenip\u00f5hised e-posti aadressid.<\/p>\n<p>Koduleht WordPressis on ideaalne valik, sest see on kasutajas\u00f5bralik ja v\u00f5imaldab teil hiljem ise lehte uuendada.<\/p>\t\t\t\t<\/div>\n\t\t\t\t\t\n\t\t\t\t\t\t\t<div class=\"uael-button-wrapper elementor-widget-button\">\n\t\t\t\t<a href=\"https:\/\/lei-lypage.ee\/hinnakiri\/\" class=\"elementor-button-link  elementor-button elementor-size-md\">\n\t\t\t\t\t\t\t<span class=\"elementor-button-content-wrapper\">\n\t\t\t\t\t\t\t\t\t\t\t\t\t\t\t\t<span class=\"elementor-align-icon-right elementor-button-icon\">\n\t\t\t\t\t\t\t\t\t\t\t<\/span>\n\t\t\t\t\t\t\t\n\t\t\t<span class=\"elementor-button-text elementor-inline-editing\"  data-elementor-setting-key=\"infobox_button_text\" data-elementor-inline-editing-toolbar=\"none\">Vaata pakkumist<\/span>\n\t\t<\/span>\n\t\t\t\t\t\t<\/a>\n\t\t\t<\/div>\n\t\t\t\t\t\t<\/div>\n\t\t<\/div>\n\t\t\t<\/div>\n<\/div>\n\t\t\t\t<\/div>\n\t\t\t\t<\/div>\n\t\t\t\t<\/div>\n\t\t\t\t<div class=\"elementor-element elementor-element-a210074 elementor-widget elementor-widget-read-more\" data-id=\"a210074\" data-element_type=\"widget\" data-e-type=\"widget\" data-widget_type=\"read-more.default\">\n\t\t\t\t\t<\/div><\/div><\/div><\/div><\/div><\/div> &hellip;<p class=\"ast-the-content-more-link\"> <a class=\"\" href=\"https:\/\/lei-lypage.ee\/et\/que-hacemos\/\"> <span class=\"screen-reader-text\">Mida teeme &#8211; Espanol<\/span>Read More &raquo;<\/a><\/p>","protected":false},"excerpt":{"rendered":"","protected":false},"author":1,"featured_media":0,"parent":0,"menu_order":0,"comment_status":"closed","ping_status":"closed","template":"","meta":{"site-sidebar-layout":"no-sidebar","site-content-layout":"page-builder","ast-site-content-layout":"full-width-container","site-content-style":"unboxed","site-sidebar-style":"unboxed","ast-global-header-display":"","ast-banner-title-visibility":"","ast-main-header-display":"","ast-hfb-above-header-display":"","ast-hfb-below-header-display":"","ast-hfb-mobile-header-display":"","site-post-title":"disabled","ast-breadcrumbs-content":"disabled","ast-featured-img":"disabled","footer-sml-layout":"","ast-disable-related-posts":"","theme-transparent-header-meta":"enabled","adv-header-id-meta":"","stick-header-meta":"default","header-above-stick-meta":"","header-main-stick-meta":"","header-below-stick-meta":"","astra-migrate-meta-layouts":"set","ast-page-background-enabled":"default","ast-page-background-meta":{"desktop":{"background-color":"","background-image":"","background-repeat":"repeat","background-position":"center center","background-size":"auto","background-attachment":"scroll","background-type":"","background-media":"","overlay-type":"","overlay-color":"","overlay-opacity":"","overlay-gradient":""},"tablet":{"background-color":"","background-image":"","background-repeat":"repeat","background-position":"center center","background-size":"auto","background-attachment":"scroll","background-type":"","background-media":"","overlay-type":"","overlay-color":"","overlay-opacity":"","overlay-gradient":""},"mobile":{"background-color":"","background-image":"","background-repeat":"repeat","background-position":"center center","background-size":"auto","background-attachment":"scroll","background-type":"","background-media":"","overlay-type":"","overlay-color":"","overlay-opacity":"","overlay-gradient":""}},"ast-content-background-meta":{"desktop":{"background-color":"var(--ast-global-color-5)","background-image":"","background-repeat":"repeat","background-position":"center center","background-size":"auto","background-attachment":"scroll","background-type":"","background-media":"","overlay-type":"","overlay-color":"","overlay-opacity":"","overlay-gradient":""},"tablet":{"background-color":"var(--ast-global-color-5)","background-image":"","background-repeat":"repeat","background-position":"center center","background-size":"auto","background-attachment":"scroll","background-type":"","background-media":"","overlay-type":"","overlay-color":"","overlay-opacity":"","overlay-gradient":""},"mobile":{"background-color":"var(--ast-global-color-5)","background-image":"","background-repeat":"repeat","background-position":"center center","background-size":"auto","background-attachment":"scroll","background-type":"","background-media":"","overlay-type":"","overlay-color":"","overlay-opacity":"","overlay-gradient":""}},"footnotes":""},"class_list":["post-4008","page","type-page","status-publish","hentry"],"_links":{"self":[{"href":"https:\/\/lei-lypage.ee\/et\/wp-json\/wp\/v2\/pages\/4008","targetHints":{"allow":["GET"]}}],"collection":[{"href":"https:\/\/lei-lypage.ee\/et\/wp-json\/wp\/v2\/pages"}],"about":[{"href":"https:\/\/lei-lypage.ee\/et\/wp-json\/wp\/v2\/types\/page"}],"author":[{"embeddable":true,"href":"https:\/\/lei-lypage.ee\/et\/wp-json\/wp\/v2\/users\/1"}],"replies":[{"embeddable":true,"href":"https:\/\/lei-lypage.ee\/et\/wp-json\/wp\/v2\/comments?post=4008"}],"version-history":[{"count":1,"href":"https:\/\/lei-lypage.ee\/et\/wp-json\/wp\/v2\/pages\/4008\/revisions"}],"predecessor-version":[{"id":4009,"href":"https:\/\/lei-lypage.ee\/et\/wp-json\/wp\/v2\/pages\/4008\/revisions\/4009"}],"wp:attachment":[{"href":"https:\/\/lei-lypage.ee\/et\/wp-json\/wp\/v2\/media?parent=4008"}],"curies":[{"name":"wp","href":"https:\/\/api.w.org\/{rel}","templated":true}]}}