{"id":4008,"date":"2024-10-10T11:28:00","date_gmt":"2024-10-10T11:28:00","guid":{"rendered":"https:\/\/lei-lypage.ee\/?page_id=4008"},"modified":"2025-02-17T23:02:17","modified_gmt":"2025-02-17T22:02:17","slug":"que-hacemos","status":"publish","type":"page","link":"https:\/\/lei-lypage.ee\/es\/que-hacemos\/","title":{"rendered":"Qu\u00e9 hacemos - English"},"content":{"rendered":"<div data-elementor-type=\"wp-post\" data-elementor-id=\"4008\" class=\"elementor elementor-4008\" data-elementor-post-type=\"page\">\n\t\t\t\t<div class=\"elementor-element elementor-element-836c7a7 e-flex e-con-boxed e-con e-parent\" data-id=\"836c7a7\" data-element_type=\"container\" data-e-type=\"container\" data-settings=\"{&quot;background_background&quot;:&quot;classic&quot;}\">\n\t\t\t\t\t<div class=\"e-con-inner\">\n\t\t<div class=\"elementor-element elementor-element-081b662 e-con-full e-flex e-con e-child\" data-id=\"081b662\" data-element_type=\"container\" data-e-type=\"container\">\n\t\t\t\t<div class=\"elementor-element elementor-element-ca31bc8 elementor-widget__width-initial elementor-widget elementor-widget-heading\" data-id=\"ca31bc8\" data-element_type=\"widget\" data-e-type=\"widget\" data-widget_type=\"heading.default\">\n\t\t\t\t\t<h1 class=\"elementor-heading-title elementor-size-default\">Qu\u00e9 hacemos<\/h1>\t\t\t\t<\/div>\n\t\t\t\t<\/div>\n\t\t\t\t\t<\/div>\n\t\t\t\t<\/div>\n\t\t<div class=\"elementor-element elementor-element-bbff81d e-flex e-con-boxed e-con e-parent\" data-id=\"bbff81d\" data-element_type=\"container\" data-e-type=\"container\" data-settings=\"{&quot;background_background&quot;:&quot;classic&quot;}\">\n\t\t\t\t\t<div class=\"e-con-inner\">\n\t\t<div class=\"elementor-element elementor-element-8e7db82 e-con-full e-flex e-con e-child\" data-id=\"8e7db82\" data-element_type=\"container\" data-e-type=\"container\">\n\t\t<div class=\"elementor-element elementor-element-ece5f6a e-con-full e-flex e-con e-child\" data-id=\"ece5f6a\" data-element_type=\"container\" data-e-type=\"container\" data-settings=\"{&quot;background_background&quot;:&quot;classic&quot;}\">\n\t\t<div class=\"elementor-element elementor-element-d9a2a80 e-con-full elementor-hidden-mobile e-flex e-con e-child\" data-id=\"d9a2a80\" data-element_type=\"container\" data-e-type=\"container\" data-settings=\"{&quot;background_background&quot;:&quot;classic&quot;}\">\n\t\t\t\t<div class=\"elementor-element elementor-element-2d4d0b1 elementor-widget elementor-widget-image\" data-id=\"2d4d0b1\" data-element_type=\"widget\" data-e-type=\"widget\" data-settings=\"{&quot;_animation&quot;:&quot;none&quot;}\" data-widget_type=\"image.default\">\n\t\t\t\t\t\t\t\t\t\t\t\t\t\t\t<img fetchpriority=\"high\" decoding=\"async\" width=\"2560\" height=\"1700\" src=\"https:\/\/lei-lypage.ee\/wp-content\/uploads\/2024\/10\/firmbee-com-SpVHcbuKi6E-unsplash-scaled.jpg\" class=\"attachment-full size-full wp-image-2993\" alt=\"una mujer con un tel\u00e9fono en la mano frente a un port\u00e1til mirando su p\u00e1gina web\" srcset=\"https:\/\/lei-lypage.ee\/wp-content\/uploads\/2024\/10\/firmbee-com-SpVHcbuKi6E-unsplash-scaled.jpg 2560w, https:\/\/lei-lypage.ee\/wp-content\/uploads\/2024\/10\/firmbee-com-SpVHcbuKi6E-unsplash-300x199.jpg 300w, https:\/\/lei-lypage.ee\/wp-content\/uploads\/2024\/10\/firmbee-com-SpVHcbuKi6E-unsplash-1024x680.jpg 1024w, https:\/\/lei-lypage.ee\/wp-content\/uploads\/2024\/10\/firmbee-com-SpVHcbuKi6E-unsplash-768x510.jpg 768w, https:\/\/lei-lypage.ee\/wp-content\/uploads\/2024\/10\/firmbee-com-SpVHcbuKi6E-unsplash-1536x1020.jpg 1536w, https:\/\/lei-lypage.ee\/wp-content\/uploads\/2024\/10\/firmbee-com-SpVHcbuKi6E-unsplash-2048x1360.jpg 2048w\" sizes=\"(max-width: 2560px) 100vw, 2560px\" \/>\t\t\t\t\t\t\t\t\t\t\t\t\t\t\t<\/div>\n\t\t\t\t<\/div>\n\t\t<div class=\"elementor-element elementor-element-d1ca948 e-con-full e-flex e-con e-child\" data-id=\"d1ca948\" data-element_type=\"container\" data-e-type=\"container\">\n\t\t\t\t<div class=\"elementor-element elementor-element-1876390 elementor-widget elementor-widget-uael-infobox\" data-id=\"1876390\" data-element_type=\"widget\" data-e-type=\"widget\" data-widget_type=\"uael-infobox.default\">\n\t\t\t\t<div class=\"elementor-widget-container\">\n\t\t\t\t\t\n<div class=\"uael-module-content uael-infobox uael-imgicon-style-normal  uael-infobox-left  infobox-has-photo uael-infobox-photo-above-title  uael-infobox-link-type-button\">\n\t<div class=\"uael-infobox-left-right-wrap\">\n\t\t\t\t\t\t<div class=\"uael-infobox-content\">\n\t\t\t\t\t\t\t<div class=\"uael-module-content uael-imgicon-wrap\">\t\t\t\t\t\t\t\t\t\t\t\n\t\t\t\t\t\t\t\t\t\t\t\t\t\t\t\t<div class=\"uael-image\" itemscope itemtype=\"http:\/\/schema.org\/ImageObject\">\n\t\t\t\t\t\t\t<div class=\"uael-image-content elementor-animation-\">\n\t\t\t\t\t\t\t\t\t\t\t\t\t\t\t<\/div>\n\t\t\t\t\t\t<\/div>\n\n\t\t\t\t\t\t\t\t\t<\/div>\n\t\t\t\t\t\t\t<div class='uael-infobox-title-wrap'><h4 class=\"uael-infobox-title elementor-inline-editing\" data-elementor-setting-key=\"infobox_title\" data-elementor-inline-editing-toolbar=\"basic\">Creaci\u00f3n de un Sitio Web en WordPress<\/h4><\/div>\t\t\t\t\t\t\t\t\t<div class=\"uael-infobox-text-wrap\">\n\t\t\t\t<div class=\"uael-infobox-text elementor-inline-editing\" data-elementor-setting-key=\"infobox_description\" data-elementor-inline-editing-toolbar=\"advanced\">\n\t\t\t\t\t<p>Nuestros sitios web tienen un aspecto profesional y moderno, son compatibles con dispositivos m\u00f3viles y f\u00e1ciles de gestionar. Utilizamos WordPress, la plataforma preferida en todo el mundo por su facilidad de uso, flexibilidad y facilidad de gesti\u00f3n. Creamos un sitio web seg\u00fan sus requisitos de dise\u00f1o y funcionalidad, asegur\u00e1ndonos de que tenga un aspecto excelente y funcione sin problemas en todos los dispositivos.<\/p>\n<p>\t- Seguridad y fiabilidad: garantizamos la seguridad del sitio con HTTPS (certificado SSL) y Wordfence Security (cortafuegos y antivirus), lo que tambi\u00e9n aumenta la fiabilidad del sitio a los ojos de Google.<\/p><p>\t- Le ayudamos con el registro del dominio y configuramos el sitio web en un servidor de nuestros socios. Si es necesario, tambi\u00e9n creamos direcciones de correo electr\u00f3nico espec\u00edficas para el dominio.<\/p>\n<p>Un sitio web en WordPress es la elecci\u00f3n ideal porque es f\u00e1cil de usar y le permite actualizar su sitio de manera independiente en el futuro.<\/p>\t\t\t\t<\/div>\n\t\t\t\t\t\n\t\t\t\t\t\t\t<div class=\"uael-button-wrapper elementor-widget-button\">\n\t\t\t\t<a href=\"https:\/\/lei-lypage.ee\/es\/hinnakiri\/\" class=\"elementor-button-link  elementor-button elementor-size-md\">\n\t\t\t\t\t\t\t<span class=\"elementor-button-content-wrapper\">\n\t\t\t\t\t\t\t\t\t\t\t\t\t\t\t\t<span class=\"elementor-align-icon-right elementor-button-icon\">\n\t\t\t\t\t\t\t\t\t\t\t<\/span>\n\t\t\t\t\t\t\t\n\t\t\t<span class=\"elementor-button-text elementor-inline-editing\"  data-elementor-setting-key=\"infobox_button_text\" data-elementor-inline-editing-toolbar=\"none\">Ver la oferta<\/span>\n\t\t<\/span>\n\t\t\t\t\t\t<\/a>\n\t\t\t<\/div>\n\t\t\t\t\t\t<\/div>\n\t\t<\/div>\n\t\t\t<\/div>\n<\/div>\n\t\t\t\t<\/div>\n\t\t\t\t<\/div>\n\t\t\t\t<\/div>\n\t\t\t\t<div class=\"elementor-element elementor-element-a210074 elementor-widget elementor-widget-read-more\" data-id=\"a210074\" data-element_type=\"widget\" data-e-type=\"widget\" data-widget_type=\"read-more.default\">\n\t\t\t\t\t<\/div><\/div><\/div><\/div><\/div><\/div> ...<p class=\"ast-the-content-more-link\"> <a class=\"\" href=\"https:\/\/lei-lypage.ee\/es\/que-hacemos\/\"> <span class=\"screen-reader-text\">Qu\u00e9 hacemos - English<\/span>Leer m\u00e1s \"<\/a><\/p>","protected":false},"excerpt":{"rendered":"","protected":false},"author":1,"featured_media":0,"parent":0,"menu_order":0,"comment_status":"closed","ping_status":"closed","template":"","meta":{"site-sidebar-layout":"no-sidebar","site-content-layout":"page-builder","ast-site-content-layout":"full-width-container","site-content-style":"unboxed","site-sidebar-style":"unboxed","ast-global-header-display":"","ast-banner-title-visibility":"","ast-main-header-display":"","ast-hfb-above-header-display":"","ast-hfb-below-header-display":"","ast-hfb-mobile-header-display":"","site-post-title":"disabled","ast-breadcrumbs-content":"disabled","ast-featured-img":"disabled","footer-sml-layout":"","ast-disable-related-posts":"","theme-transparent-header-meta":"enabled","adv-header-id-meta":"","stick-header-meta":"default","header-above-stick-meta":"","header-main-stick-meta":"","header-below-stick-meta":"","astra-migrate-meta-layouts":"set","ast-page-background-enabled":"default","ast-page-background-meta":{"desktop":{"background-color":"","background-image":"","background-repeat":"repeat","background-position":"center center","background-size":"auto","background-attachment":"scroll","background-type":"","background-media":"","overlay-type":"","overlay-color":"","overlay-opacity":"","overlay-gradient":""},"tablet":{"background-color":"","background-image":"","background-repeat":"repeat","background-position":"center center","background-size":"auto","background-attachment":"scroll","background-type":"","background-media":"","overlay-type":"","overlay-color":"","overlay-opacity":"","overlay-gradient":""},"mobile":{"background-color":"","background-image":"","background-repeat":"repeat","background-position":"center center","background-size":"auto","background-attachment":"scroll","background-type":"","background-media":"","overlay-type":"","overlay-color":"","overlay-opacity":"","overlay-gradient":""}},"ast-content-background-meta":{"desktop":{"background-color":"var(--ast-global-color-5)","background-image":"","background-repeat":"repeat","background-position":"center center","background-size":"auto","background-attachment":"scroll","background-type":"","background-media":"","overlay-type":"","overlay-color":"","overlay-opacity":"","overlay-gradient":""},"tablet":{"background-color":"var(--ast-global-color-5)","background-image":"","background-repeat":"repeat","background-position":"center center","background-size":"auto","background-attachment":"scroll","background-type":"","background-media":"","overlay-type":"","overlay-color":"","overlay-opacity":"","overlay-gradient":""},"mobile":{"background-color":"var(--ast-global-color-5)","background-image":"","background-repeat":"repeat","background-position":"center center","background-size":"auto","background-attachment":"scroll","background-type":"","background-media":"","overlay-type":"","overlay-color":"","overlay-opacity":"","overlay-gradient":""}},"footnotes":""},"class_list":["post-4008","page","type-page","status-publish","hentry"],"_links":{"self":[{"href":"https:\/\/lei-lypage.ee\/es\/wp-json\/wp\/v2\/pages\/4008","targetHints":{"allow":["GET"]}}],"collection":[{"href":"https:\/\/lei-lypage.ee\/es\/wp-json\/wp\/v2\/pages"}],"about":[{"href":"https:\/\/lei-lypage.ee\/es\/wp-json\/wp\/v2\/types\/page"}],"author":[{"embeddable":true,"href":"https:\/\/lei-lypage.ee\/es\/wp-json\/wp\/v2\/users\/1"}],"replies":[{"embeddable":true,"href":"https:\/\/lei-lypage.ee\/es\/wp-json\/wp\/v2\/comments?post=4008"}],"version-history":[{"count":1,"href":"https:\/\/lei-lypage.ee\/es\/wp-json\/wp\/v2\/pages\/4008\/revisions"}],"predecessor-version":[{"id":4009,"href":"https:\/\/lei-lypage.ee\/es\/wp-json\/wp\/v2\/pages\/4008\/revisions\/4009"}],"wp:attachment":[{"href":"https:\/\/lei-lypage.ee\/es\/wp-json\/wp\/v2\/media?parent=4008"}],"curies":[{"name":"wp","href":"https:\/\/api.w.org\/{rel}","templated":true}]}}