{"id":3,"date":"2024-02-01T16:07:34","date_gmt":"2024-02-01T16:07:34","guid":{"rendered":"https:\/\/lei-lypage.ee\/?page_id=3"},"modified":"2024-11-16T00:08:30","modified_gmt":"2024-11-16T00:08:30","slug":"privaatsustingimused","status":"publish","type":"page","link":"https:\/\/lei-lypage.ee\/es\/politica-de-privacidad\/","title":{"rendered":"Pol\u00edtica de privacidad"},"content":{"rendered":"<header>\r\n<p style=\"text-align: left;\">Lei-Ly<strong style=\"font-size: 16px;\"> P\u00e1gina O\u00dc<\/strong> su privacidad es importante para nosotros y cumpliremos todas las leyes y reglamentos aplicables en relaci\u00f3n con cualquier informaci\u00f3n personal que podamos recopilar sobre usted cuando visite nuestro sitio web. <a style=\"font-size: 16px;\" href=\"https:\/\/lei-lypage.ee\/es\/\">lei-lypage.ee<\/a>. Al utilizar nuestro sitio web, usted acepta que recopilemos y utilicemos su informaci\u00f3n de acuerdo con esta Pol\u00edtica de privacidad.<\/p>\r\n<\/header>\r\n<section data-id=\"19566794\" data-element_type=\"section\" data-settings=\"{&quot;_ha_eqh_enable&quot;:false}\">\r\n<p>Con esta Pol\u00edtica de Privacidad queremos explicarle qu\u00e9 datos recogemos, c\u00f3mo los utilizamos y cu\u00e1les son sus derechos para proteger sus datos. La pol\u00edtica se aplica \u00fanicamente a nuestro sitio web y a sus visitantes, y no se aplica a los datos recogidos a trav\u00e9s de otros canales.<\/p>\r\n<p>Su responsable del tratamiento de datos es <strong>\u00a0Lei-Ly Page O\u00dc <\/strong>(en lo sucesivo, el \"responsable del tratamiento\").<strong><br \/><\/strong><\/p>\r\n<p>Recopilamos y procesamos informaci\u00f3n de conformidad con el Reglamento General de Protecci\u00f3n de Datos (RGPD) de la UE, que entr\u00f3 en vigor el 25.05.2018.<\/p>\r\n<p><strong>Recogida y utilizaci\u00f3n de datos<\/strong><\/p>\r\n<p><strong>Qu\u00e9 datos recogemos<\/strong><\/p>\r\n<p>La informaci\u00f3n que recopilamos incluye la informaci\u00f3n que usted nos proporciona consciente y activamente al utilizar o participar en nuestros servicios o promociones, as\u00ed como cualquier informaci\u00f3n que sus dispositivos nos env\u00eden al acceder a nuestros productos y servicios.<\/p>\r\n<p>La informaci\u00f3n que recopilamos incluye informaci\u00f3n que usted ha compartido conscientemente con nosotros al utilizar nuestros servicios o promociones, e informaci\u00f3n que sus dispositivos nos transmiten autom\u00e1ticamente.<\/p>\r\n<p>Sus datos personales pueden llegarnos de las siguientes formas:<\/p>\r\n<ul>\r\n<li>Si se pone en contacto con nosotros a trav\u00e9s del chat por correo electr\u00f3nico.<\/li>\r\n<li class=\"translation-block\">Si est\u00e1 navegando por <a href=\"https:\/\/lei-lypage.ee\/es\/\" target=\"_self\">lei-lypage.ee<\/a><\/li>\r\n<li>Si comentas, te gusta o compartes cualquiera de nuestras publicaciones en nuestra cuenta de redes sociales.<\/li>\r\n<li>Al suscribirse a nuestro bolet\u00edn<\/li>\r\n<li>Si comenta entradas de nuestro sitio web.<\/li>\r\n<\/ul>\r\n<p><strong>Tipos de datos que deben recogerse<\/strong><\/p>\r\n<p><strong>Datos personales<\/strong><\/p>\r\n<p>S\u00f3lo le pediremos informaci\u00f3n personal si es necesaria para prestarle el servicio. Al ponerse en contacto con nosotros o visitar nuestro sitio web, puede compartir con nosotros la siguiente informaci\u00f3n:<\/p>\r\n<ul>\r\n<li>Nombre y apellidos<\/li>\r\n<li>correo electr\u00f3nico<\/li>\r\n<li>N\u00famero de tel\u00e9fono<\/li>\r\n<li>Informaci\u00f3n sobre su navegador y direcci\u00f3n IP<\/li>\r\n<\/ul>\r\n<p><strong>Archivos de registro<\/strong><\/p>\r\n<p>Nuestro sitio web <a href=\"https:\/\/lei-lypage.ee\/es\/\">lei-lypage.ee<\/a>\u00a0guarda archivos de registro sobre sus visitantes. La informaci\u00f3n recopilada puede incluir:<\/p>\r\n<ul>\r\n<li>Tipo de dispositivo utilizado<\/li>\r\n<li>Direcci\u00f3n del Protocolo de Internet (IP)<\/li>\r\n<li>tipo de navegador<\/li>\r\n<li>Proveedor de servicios de Internet (ISP)<\/li>\r\n<li>Fecha y hora de su visita al sitio web<\/li>\r\n<li>N\u00famero de clics en la p\u00e1gina de entrada y salida del sitio web<\/li>\r\n<\/ul>\r\n<p>La informaci\u00f3n contenida en los archivos de registro se utiliza para analizar tendencias, administrar el sitio web, supervisar las actividades de los visitantes del sitio y recopilar informaci\u00f3n demogr\u00e1fica. La informaci\u00f3n obtenida no pretende identificar a una persona ni lo hace.<\/p>\r\n<p><strong>Cookies<\/strong><\/p>\r\n<p>Como la mayor\u00eda de los sitios web, utiliza <a href=\"https:\/\/lei-lypage.ee\/es\/\">lei-lypage.ee<\/a>\u00a0\"cookies\". Una cookie es esencialmente un archivo de texto que se almacena en el dispositivo de un usuario cuando visita un sitio web. Las cookies se utilizan para establecer y almacenar preferencias, ajustes regionales, opciones de servicio, etc.<\/p>\r\n<p>Si lo desea, puede desactivar el uso de cookies en la configuraci\u00f3n de su navegador, pero en este caso el servicio que recibe puede verse alterado.<\/p>\r\n<p>Las cookies se dividen en permanentes y de sesi\u00f3n. Las cookies permanentes permanecen en su PC o dispositivo m\u00f3vil incluso despu\u00e9s de cerrar el navegador o el ordenador. Las cookies de sesi\u00f3n, en cambio, se eliminan en cuanto cierras el navegador.<\/p>\r\n<p>Las cookies se dividen seg\u00fan su finalidad:<\/p>\r\n<p><strong>Se necesitan cookies.<\/strong>\u00a0Cookies de sesi\u00f3n, cuya finalidad es permitirle utilizar los servicios ofrecidos en nuestro sitio web. Estas cookies ayudan a autenticar a los usuarios e impiden el uso malintencionado de las cuentas de usuario. Sin estas cookies, no podremos prestarle los servicios que solicite.<\/p>\r\n<p><strong>Cookies de notificaci\u00f3n.<\/strong>\u00a0Estas cookies identifican si los usuarios han aceptado el uso de cookies en el sitio web.<\/p>\r\n<p><strong>Cookies de funcionalidad.<\/strong>\u00a0Estas cookies permiten a su navegador recordar las elecciones que hace cuando utiliza el sitio web, como almacenar sus datos de acceso o sus preferencias de idioma. La finalidad de estas cookies es ofrecerle una experiencia m\u00e1s personalizada y evitar que tenga que volver a introducir sus preferencias.<\/p>\r\n<p><strong>C\u00f3mo utilizamos los datos<\/strong><\/p>\r\n<p>Podemos utilizar la informaci\u00f3n recopilada para diversos fines, entre ellos:<\/p>\r\n<ul>\r\n<li>Para mantener, gestionar, desarrollar, personalizar y ampliar nuestro sitio web.<\/li>\r\n<li>Recopilar estad\u00edsticas que nos permitan ofrecer mejores servicios y ofertas y comprender y analizar el comportamiento de los visitantes de nuestro sitio web.<\/li>\r\n<li>Identificarle por tel\u00e9fono, mensaje o correo electr\u00f3nico<\/li>\r\n<li>enviarle informaci\u00f3n y pedirle su opini\u00f3n sobre nuestros servicios.<\/li>\r\n<li>Para prevenir el fraude y proteger nuestro sitio web<\/li>\r\n<li>Para permitirnos estar en contacto con usted a trav\u00e9s de su cuenta en las redes sociales.<\/li>\r\n<li>Permitir la lectura del historial de chat para agilizar la prestaci\u00f3n del asesoramiento pertinente.<\/li>\r\n<li>Con el objetivo de mejorar la calidad de nuestro servicio y ofrecer soluciones de navegaci\u00f3n m\u00e1s eficaces.<\/li>\r\n<li>Para desarrollar nuevos productos, servicios o mejorar su funcionalidad.<\/li>\r\n<li>Para simplificar y agilizar las interacciones entre nosotros, cuando se ponga en contacto con nosotros.<\/li>\r\n<li>Para otros fines. Por ejemplo, para analizar datos, estudiar tendencias, evaluar la eficacia de nuestras campa\u00f1as publicitarias.<\/li>\r\n<\/ul>\r\n<p><strong>En qu\u00e9 casos podemos compartir sus datos con.<\/strong><\/p>\r\n<ul>\r\n<li>Podemos compartir o transferir su informaci\u00f3n personal en relaci\u00f3n con un cambio de propiedad, fusi\u00f3n, venta de activos, financiaci\u00f3n o adquisici\u00f3n de nuestro negocio. Le notificaremos cu\u00e1ndo transferimos su informaci\u00f3n personal y cu\u00e1ndo pasa a estar sujeta a las disposiciones de otra pol\u00edtica de privacidad.<\/li>\r\n<li>Podemos compartir su informaci\u00f3n con nuestras empresas asociadas exigi\u00e9ndoles que cumplan esta Pol\u00edtica de Privacidad. Entre las empresas asociadas se incluyen nuestras empresas matrices, filiales, socios de empresas conjuntas o empresas de nuestra propiedad.<\/li>\r\n<li>Podemos compartir su informaci\u00f3n con nuestros socios comerciales para ofrecerle determinados productos, servicios o promociones.<\/li>\r\n<li>Podemos revelar su informaci\u00f3n personal para cualquier otro fin con su consentimiento.<\/li>\r\n<li>Estamos obligados a revelar sus datos personales si as\u00ed nos lo exige la ley. Tambi\u00e9n podemos revelar sus datos de buena fe para cumplir una obligaci\u00f3n legal, proteger nuestros derechos o propiedades, prevenir o detectar posibles infracciones de la ley relacionadas con su uso de nuestro servicio y garantizar la seguridad de los usuarios de nuestro servicio.<\/li>\r\n<\/ul>\r\n<p><strong>Almacenamiento de sus datos personales<\/strong><\/p>\r\n<p>La Empresa conservar\u00e1 sus datos personales s\u00f3lo durante el tiempo que sea necesario para los fines establecidos en la presente Pol\u00edtica de Privacidad. Conservaremos y utilizaremos sus datos personales en la medida en que sea necesario para cumplir nuestras obligaciones legales (por ejemplo, si necesitamos conservar sus datos para cumplir la legislaci\u00f3n aplicable), resolver litigios y hacer cumplir nuestros acuerdos y pol\u00edticas legales.<\/p>\r\n<p>La empresa tambi\u00e9n conserva archivos de registro para an\u00e1lisis internos. Por lo general, los archivos de registro se conservan durante un periodo de tiempo m\u00e1s corto, a menos que los datos se utilicen para aumentar la seguridad o mejorar la funcionalidad de nuestro servicio, o que la ley nos obligue a conservar los datos durante un periodo de tiempo m\u00e1s largo.<\/p>\r\n<p><strong>Tratamiento de datos de menores<\/strong><\/p>\r\n<p>Ninguno de nuestros productos o servicios est\u00e1 dirigido a ni\u00f1os menores de 13 a\u00f1os, y no recopilamos conscientemente informaci\u00f3n de ni\u00f1os menores de 13 a\u00f1os. En caso de que sospechemos que estamos procesando informaci\u00f3n sobre una persona menor de 13 a\u00f1os, eliminaremos a esa persona de todas nuestras bases de datos.<\/p>\r\n<p><strong>Sus derechos para proteger sus datos<\/strong><\/p>\r\n<p>Siempre tiene derecho a no compartir su informaci\u00f3n con nosotros, sabiendo que puede afectar a su experiencia en nuestro sitio web. Si decide no compartir su informaci\u00f3n con nosotros, no le daremos un trato menos favorable por ello. Si nos proporciona informaci\u00f3n personal, entiende que la recopilaremos, almacenaremos, utilizaremos y divulgaremos de acuerdo con esta Pol\u00edtica de privacidad. Tiene derecho a solicitar detalles de la informaci\u00f3n que recopilamos sobre usted.<\/p>\r\n<p>Cuando recibamos informaci\u00f3n personal sobre usted de un tercero, la protegeremos de acuerdo con esta Pol\u00edtica de Privacidad y la legislaci\u00f3n de la Rep\u00fablica de Estonia. Si usted mismo comparte informaci\u00f3n de terceros, confirma que tiene derecho y permiso para hacerlo.<\/p>\r\n<p>Aunque haya consentido previamente que compartamos su informaci\u00f3n personal con fines de marketing, conserva el derecho a cambiar de opini\u00f3n en cualquier momento. Siempre tiene derecho a no comunicarse con nosotros y a solicitar que eliminemos su informaci\u00f3n de nuestras bases de datos. De vez en cuando, tambi\u00e9n podemos pedirle informaci\u00f3n sobre usted para verificar su identidad. Si cree que la informaci\u00f3n que hemos recopilado sobre usted es inexacta, obsoleta, incompleta, irrelevante o enga\u00f1osa, p\u00f3ngase en contacto con nosotros por correo electr\u00f3nico en pageleily@lei-lypage.ee. Haremos todo lo posible para corregir cualquier informaci\u00f3n inexacta, incompleta, enga\u00f1osa o anticuada.<\/p>\r\n<p>Si cree que hemos infringido la ley de protecci\u00f3n de datos pertinente y desea presentar una queja, p\u00f3ngase en contacto con nosotros utilizando los datos de contacto que figuran en este documento y facil\u00edtenos todos los detalles de la infracci\u00f3n. Investigaremos su queja con prontitud y le responderemos por escrito, exponiendo los resultados de nuestra investigaci\u00f3n y los pasos que estamos dando para resolverla. Tambi\u00e9n tiene derecho a remitir el asunto a una autoridad reguladora o de protecci\u00f3n de datos.<\/p>\r\n<p><strong>Derechos de protecci\u00f3n de datos en virtud del GDPR<\/strong><\/p>\r\n<p>Queremos asegurarnos de que conoce todos sus derechos en materia de protecci\u00f3n de datos. Cada usuario de este sitio tiene derecho a los siguientes t\u00e9rminos y condiciones:<\/p>\r\n<ul>\r\n<li>Derecho de acceso: tiene derecho a solicitar copias de sus datos personales.<\/li>\r\n<li>Derecho de rectificaci\u00f3n: tiene derecho a pedirnos que rectifiquemos la informaci\u00f3n que considere inexacta. Tambi\u00e9n tiene derecho a solicitar que completemos la informaci\u00f3n que considere incompleta.<\/li>\r\n<li>Derecho de supresi\u00f3n: en determinadas condiciones, tiene derecho a solicitar la supresi\u00f3n de sus datos personales.<\/li>\r\n<li>Derecho a la restricci\u00f3n del tratamiento - En determinadas condiciones, tiene derecho a solicitar la restricci\u00f3n del uso de sus datos personales.<\/li>\r\n<li>Derecho a oponerse al uso de sus datos personales - En determinadas condiciones, tiene derecho a oponerse al uso de sus datos personales.<\/li>\r\n<li>Derecho a la portabilidad de los datos - En determinadas condiciones, tiene derecho a solicitar que transfiramos los datos que recopilamos a un tercero o directamente a usted.<\/li>\r\n<\/ul>\r\n<p><strong>Seguridad de sus datos<\/strong><\/p>\r\n<p>La seguridad de su informaci\u00f3n personal es importante para nosotros, pero recuerde que ning\u00fan m\u00e9todo de intercambio de informaci\u00f3n a trav\u00e9s de Internet o m\u00e9todo de almacenamiento electr\u00f3nico es 100% seguro. Aunque hacemos todo lo posible para proteger su informaci\u00f3n, no podemos garantizar su total seguridad.<\/p>\r\n<p>Lei-Ly Page O\u00dc tomar\u00e1 todas las medidas razonablemente necesarias para garantizar que sus datos se procesan de forma segura y de acuerdo con esta Pol\u00edtica de Privacidad y la legislaci\u00f3n de la Rep\u00fablica de Estonia. Sus datos no ser\u00e1n transferidos a ninguna organizaci\u00f3n o pa\u00eds a menos que exista una buena raz\u00f3n y la seguridad de sus datos est\u00e9 garantizada.<\/p>\r\n<p><strong>Enlaces a otros sitios web<\/strong><\/p>\r\n<p>En nuestro sitio web puede encontrar enlaces a otros sitios web que no son de nuestra propiedad. Si hace clic en un enlace a un sitio de terceros, ser\u00e1 redirigido a ese sitio de terceros. Le recomendamos encarecidamente que lea la pol\u00edtica de privacidad de cada sitio que visite.<\/p>\r\n<p>No tenemos ning\u00fan control sobre los sitios de terceros y no aceptamos ninguna responsabilidad por su contenido, pol\u00edticas de privacidad, los servicios que prestan o de otro tipo.<\/p>\r\n<p><strong>Actualizaciones de la pol\u00edtica de privacidad<\/strong><\/p>\r\n<p>Nos reservamos el derecho a realizar cambios en este documento de pol\u00edtica de privacidad seg\u00fan sea necesario. Cuando actualicemos esta Pol\u00edtica de Privacidad, cambiaremos la fecha de la actualizaci\u00f3n en la parte inferior de este documento. Si contin\u00faa visitando y utilizando nuestro sitio web despu\u00e9s de que se haya actualizado la pol\u00edtica de privacidad, consideraremos que acepta t\u00e1citamente los cambios.<\/p>\r\n<p>\u00daltima modificaci\u00f3n 15\/11\/2024<\/p>\r\n<p><a href=\"https:\/\/easyweb.ee\/privaatsuspoliitika-generaator\/\" target=\"_blank\" rel=\"noopener\">EasyWeb con generador de pol\u00edtica de privacidad<\/a><\/p>\r\n<p>&nbsp;<\/p>\r\n<\/section>","protected":false},"excerpt":{"rendered":"<p>Lei-Ly Page O\u00dc se compromete a respetar su privacidad y a cumplir todas las leyes y normativas aplicables en relaci\u00f3n con cualquier informaci\u00f3n personal que podamos recopilar sobre usted cuando visite nuestro sitio web lei-lypage.ee. Al utilizar nuestro sitio web, usted acepta que recopilemos y utilicemos su informaci\u00f3n de acuerdo con esta Pol\u00edtica de privacidad. A trav\u00e9s de esta Pol\u00edtica de Privacidad, nos gustar\u00eda explicarle qu\u00e9 informaci\u00f3n recogemos, c\u00f3mo la utilizamos y [...]<\/p>","protected":false},"author":1,"featured_media":0,"parent":0,"menu_order":0,"comment_status":"closed","ping_status":"open","template":"","meta":{"site-sidebar-layout":"right-sidebar","site-content-layout":"","ast-site-content-layout":"full-width-container","site-content-style":"default","site-sidebar-style":"unboxed","ast-global-header-display":"","ast-banner-title-visibility":"","ast-main-header-display":"","ast-hfb-above-header-display":"","ast-hfb-below-header-display":"","ast-hfb-mobile-header-display":"","site-post-title":"","ast-breadcrumbs-content":"","ast-featured-img":"","footer-sml-layout":"disabled","ast-disable-related-posts":"","theme-transparent-header-meta":"default","adv-header-id-meta":"","stick-header-meta":"default","header-above-stick-meta":"","header-main-stick-meta":"","header-below-stick-meta":"","astra-migrate-meta-layouts":"set","ast-page-background-enabled":"default","ast-page-background-meta":{"desktop":{"background-color":"","background-image":"","background-repeat":"repeat","background-position":"center center","background-size":"auto","background-attachment":"scroll","background-type":"","background-media":"","overlay-type":"","overlay-color":"","overlay-opacity":"","overlay-gradient":""},"tablet":{"background-color":"","background-image":"","background-repeat":"repeat","background-position":"center center","background-size":"auto","background-attachment":"scroll","background-type":"","background-media":"","overlay-type":"","overlay-color":"","overlay-opacity":"","overlay-gradient":""},"mobile":{"background-color":"","background-image":"","background-repeat":"repeat","background-position":"center center","background-size":"auto","background-attachment":"scroll","background-type":"","background-media":"","overlay-type":"","overlay-color":"","overlay-opacity":"","overlay-gradient":""}},"ast-content-background-meta":{"desktop":{"background-color":"var(--ast-global-color-5)","background-image":"","background-repeat":"repeat","background-position":"center center","background-size":"auto","background-attachment":"scroll","background-type":"","background-media":"","overlay-type":"","overlay-color":"","overlay-opacity":"","overlay-gradient":""},"tablet":{"background-color":"var(--ast-global-color-5)","background-image":"","background-repeat":"repeat","background-position":"center center","background-size":"auto","background-attachment":"scroll","background-type":"","background-media":"","overlay-type":"","overlay-color":"","overlay-opacity":"","overlay-gradient":""},"mobile":{"background-color":"var(--ast-global-color-5)","background-image":"","background-repeat":"repeat","background-position":"center center","background-size":"auto","background-attachment":"scroll","background-type":"","background-media":"","overlay-type":"","overlay-color":"","overlay-opacity":"","overlay-gradient":""}},"footnotes":""},"class_list":["post-3","page","type-page","status-publish","hentry"],"_links":{"self":[{"href":"https:\/\/lei-lypage.ee\/es\/wp-json\/wp\/v2\/pages\/3","targetHints":{"allow":["GET"]}}],"collection":[{"href":"https:\/\/lei-lypage.ee\/es\/wp-json\/wp\/v2\/pages"}],"about":[{"href":"https:\/\/lei-lypage.ee\/es\/wp-json\/wp\/v2\/types\/page"}],"author":[{"embeddable":true,"href":"https:\/\/lei-lypage.ee\/es\/wp-json\/wp\/v2\/users\/1"}],"replies":[{"embeddable":true,"href":"https:\/\/lei-lypage.ee\/es\/wp-json\/wp\/v2\/comments?post=3"}],"version-history":[{"count":5,"href":"https:\/\/lei-lypage.ee\/es\/wp-json\/wp\/v2\/pages\/3\/revisions"}],"predecessor-version":[{"id":3911,"href":"https:\/\/lei-lypage.ee\/es\/wp-json\/wp\/v2\/pages\/3\/revisions\/3911"}],"wp:attachment":[{"href":"https:\/\/lei-lypage.ee\/es\/wp-json\/wp\/v2\/media?parent=3"}],"curies":[{"name":"wp","href":"https:\/\/api.w.org\/{rel}","templated":true}]}}